{"id":6552,"date":"2024-04-17T22:56:02","date_gmt":"2024-04-17T20:56:02","guid":{"rendered":"https:\/\/s-lion.eu\/?post_type=product&#038;p=6552"},"modified":"2025-01-15T20:25:28","modified_gmt":"2025-01-15T19:25:28","slug":"trappe-de-sol-thermo-max3-100x200cm","status":"publish","type":"product","link":"https:\/\/s-lion.eu\/fr\/product\/trappe-de-sol-thermo-max3-100x200cm\/","title":{"rendered":"Trappe de sol Thermo MAX 3 100x200cm (1000&#215;2000 mm)"},"content":{"rendered":"<p class=\"p2\"><strong>Trappe de sol Thermo MAX 3 100 x 200 cm Couvercle de regard Trappe d&rsquo;acc\u00e8s Panneau d&rsquo;acc\u00e8s Trappe de<\/strong><\/p>\n<p class=\"p2\"><strong>POSSIBILIT\u00c9 DE FABRIQUER UNE TRAPPE DE TOUTE TAILLE!<\/strong><\/p>\n<p>\u2705 Taille de l&rsquo;installation : 100 x 200 cm<\/p>\n<p>\u2705 Taille totale : 109 x 209 cm<\/p>\n<p>\u2705 Ouverture de la lumi\u00e8re : 93 x 198 cm<\/p>\n<p>\u2705 Hauteur de construction : 10 cm<\/p>\n<h3><strong>Caract\u00e9ristiques :<\/strong><\/h3>\n<ol>\n<li>Construction robuste.<\/li>\n<li>\u00c9tanch\u00e9it\u00e9 sur trois c\u00f4t\u00e9s.<\/li>\n<li>Amortisseurs \u00e0 gaz facilitant l&rsquo;ouverture.<\/li>\n<li>Soudure de haute qualit\u00e9.<\/li>\n<li>Rev\u00eatement anti-corrosion.<\/li>\n<\/ol>\n<p><strong>Garantie :<\/strong> 2 ans<br \/>\n<strong>D\u00e9lai de livraison :<\/strong> 2-3 jours<\/p>\n<p>La technologie de fabrication des trappes de sol assure une durabilit\u00e9 et une r\u00e9sistance \u00e0 la corrosion optimales. Cela garantit la s\u00e9curit\u00e9 dans l&rsquo;organisation de l&rsquo;espace tout en offrant un fonctionnement fiable.<\/p>\n<p>Les trappes de sol permettent d&rsquo;acc\u00e9der facilement aux pi\u00e8ces souterraines, aux sous-sols, aux conduites d&rsquo;eau, aux lignes \u00e9lectriques et \u00e0 bien d&rsquo;autres \u00e9l\u00e9ments.<\/p>\n<p>Elles sont mont\u00e9es avant l&rsquo;installation du rev\u00eatement de sol principal. La trappe est fix\u00e9e \u00e0 la base du sol et ferm\u00e9e par un couvercle renforc\u00e9, auquel sont attach\u00e9es des plaques de pl\u00e2tre. Ce couvercle se verrouille gr\u00e2ce \u00e0 une serrure et est \u00e9quip\u00e9 d&rsquo;un joint en caoutchouc le long de son p\u00e9rim\u00e8tre. Les ressorts \u00e0 gaz facilitent son ouverture, quel que soit le poids du couvercle.<\/p>\n<p>Le <strong>couvercle invisible<\/strong> de la trappe permet d&rsquo;installer tous les types de rev\u00eatements de sol disponibles : carrelage, stratifi\u00e9, parquet, gr\u00e8s c\u00e9rame et autres.<\/p>\n<p class=\"p2\"><strong>Ce mod\u00e8le de trappe est destin\u00e9 uniquement \u00e0 une utilisation en int\u00e9rieur!<\/strong><\/p>\n","protected":false},"excerpt":{"rendered":"<p><strong>POSSIBILIT\u00c9 DE FABRIQUER UNE TRAPPE DE TOUTE TAILLE!<\/strong><\/p>\n<p>La technologie de fabrication des trappes de sol assure une durabilit\u00e9 et une r\u00e9sistance \u00e0 la corrosion optimales. Cela garantit la s\u00e9curit\u00e9 dans l&rsquo;organisation de l&rsquo;espace tout en offrant un fonctionnement fiable.<\/p>\n<p>En savoir plus sur la livraison sur notre site &#8211; <a href=\"http:\/\/s-lion.eu\/fr\/politique-de-livraison\">Politique de livraison<\/a><\/p>\n","protected":false},"featured_media":7497,"comment_status":"open","ping_status":"closed","template":"","meta":[],"product_brand":[],"product_cat":[135],"product_tag":[],"class_list":{"0":"post-6552","1":"product","2":"type-product","3":"status-publish","4":"has-post-thumbnail","6":"product_cat-trappe-de-sol-thermo-max3","7":"product_shipping_class-regulier","9":"first","10":"instock","11":"taxable","12":"shipping-taxable","13":"purchasable","14":"product-type-simple"},"aioseo_notices":[],"_links":{"self":[{"href":"https:\/\/s-lion.eu\/fr\/wp-json\/wp\/v2\/product\/6552","targetHints":{"allow":["GET"]}}],"collection":[{"href":"https:\/\/s-lion.eu\/fr\/wp-json\/wp\/v2\/product"}],"about":[{"href":"https:\/\/s-lion.eu\/fr\/wp-json\/wp\/v2\/types\/product"}],"replies":[{"embeddable":true,"href":"https:\/\/s-lion.eu\/fr\/wp-json\/wp\/v2\/comments?post=6552"}],"version-history":[{"count":4,"href":"https:\/\/s-lion.eu\/fr\/wp-json\/wp\/v2\/product\/6552\/revisions"}],"predecessor-version":[{"id":7431,"href":"https:\/\/s-lion.eu\/fr\/wp-json\/wp\/v2\/product\/6552\/revisions\/7431"}],"wp:featuredmedia":[{"embeddable":true,"href":"https:\/\/s-lion.eu\/fr\/wp-json\/wp\/v2\/media\/7497"}],"wp:attachment":[{"href":"https:\/\/s-lion.eu\/fr\/wp-json\/wp\/v2\/media?parent=6552"}],"wp:term":[{"taxonomy":"product_brand","embeddable":true,"href":"https:\/\/s-lion.eu\/fr\/wp-json\/wp\/v2\/product_brand?post=6552"},{"taxonomy":"product_cat","embeddable":true,"href":"https:\/\/s-lion.eu\/fr\/wp-json\/wp\/v2\/product_cat?post=6552"},{"taxonomy":"product_tag","embeddable":true,"href":"https:\/\/s-lion.eu\/fr\/wp-json\/wp\/v2\/product_tag?post=6552"}],"curies":[{"name":"wp","href":"https:\/\/api.w.org\/{rel}","templated":true}]}}