{"id":6617,"date":"2024-12-24T14:58:14","date_gmt":"2024-12-24T13:58:14","guid":{"rendered":"https:\/\/s-lion.eu\/politique-dexpedition\/"},"modified":"2026-03-18T14:59:39","modified_gmt":"2026-03-18T13:59:39","slug":"politique-de-livraison","status":"publish","type":"page","link":"https:\/\/s-lion.eu\/fr\/politique-de-livraison\/","title":{"rendered":"Politique de livraison"},"content":{"rendered":"<p><strong>1. D\u00e9lai de traitement des commandes<\/strong><br\/>Les commandes sont trait\u00e9es dans un d\u00e9lai de <strong>5 jours ouvr\u00e9s<\/strong> \u00e0 compter de la r\u00e9ception du paiement.<br\/><strong>Exception <\/strong>: Pour certains pays (en raison de la grande taille du produit ou de la complexit\u00e9 de la commande), l\u2019exp\u00e9dition peut prendre jusqu\u2019\u00e0 <strong>6 jours ouvr\u00e9s.<\/strong><\/p><p><strong>2. M\u00e9thodes de livraison<\/strong><br\/>Les envois sont effectu\u00e9s via des entreprises de messagerie externes telles que <strong>FedEx, DPD, UPS, DHL, Rohlig SUUS<\/strong> et d\u2019autres. Le d\u00e9lai de livraison standard est de <strong>2 \u00e0 7 jours ouvr\u00e9s<\/strong>, selon le pays de destination (dans certains cas, le d\u00e9lai peut \u00eatre prolong\u00e9). <\/p><p>La livraison est effectu\u00e9e depuis la <strong>Pologne.<\/strong><\/p><p><strong>3. Co\u00fbts de livraison<\/strong><\/p><ol start=\"1\" class=\"wp-block-list\"><li><strong>Tableau des co\u00fbts de livraison<\/strong><br\/>Le client peut v\u00e9rifier lui-m\u00eame les co\u00fbts de livraison dans le tableau ci-dessous :<\/li><\/ol><figure class=\"wp-block-table\"><table class=\"has-fixed-layout\"><tbody><tr><td><strong>Pays de livraison<\/strong><\/td><td><strong>Co\u00fbt de livraison en EUR<\/strong><\/td><\/tr><tr><td>Allemagne, Autriche, Belgique, Lettonie, Lituanie, Pays-Bas, Pologne, R\u00e9publique tch\u00e8que<\/td><td>Les frais de livraison sont inclus dans le prix du produit (le prix d\u00e9pend du pays de livraison)<\/td><\/tr><tr><td>France, Bulgarie, Croatie, Danemark, Estonie, Hongrie, Luxembourg, Roumanie, Slovaquie, Slov\u00e9nie<\/td><td>120,00<\/td><\/tr><tr><td>Finlande, Su\u00e8de, Espagne, Italie<\/td><td>200,00<\/td><\/tr><tr><td>Portugal<\/td><td>300,00<\/td><\/tr><\/tbody><\/table><\/figure><p>* La livraison gratuite s\u2019applique uniquement aux commandes exp\u00e9di\u00e9es via la m\u00e9thode d\u2019exp\u00e9dition standard.<\/p><p>Si votre pays ne figure pas dans le tableau, veuillez nous contacter \u00e0 l\u2019adresse suivante : <strong>info@s-lion.eu.<\/strong><\/p><ol start=\"2\" class=\"wp-block-list\"><li><strong>Calcul automatique des frais de livraison<\/strong><br\/>Les frais de livraison sont affich\u00e9s automatiquement apr\u00e8s avoir saisi l\u2019adresse de livraison. Pour calculer les frais de livraison, proc\u00e9dez comme suit : <\/li><\/ol><ul class=\"wp-block-list\"><li>Ajoutez le produit s\u00e9lectionn\u00e9 au panier.<\/li>\n\n<li>Acc\u00e9dez au panier (ic\u00f4ne en haut \u00e0 droite).<\/li>\n\n<li>Dans la section \u00ab Livraison \u00bb, cliquez sur l\u2019option \u00ab Calculer les frais de livraison \u00bb.<\/li>\n\n<li>Saisissez l\u2019adresse du destinataire.<\/li>\n\n<li>Cliquez sur le bouton rouge \u00ab Mettre \u00e0 jour \u00bb.<\/li><\/ul><p><strong>4. Retrait sur place<\/strong><br\/>Il est possible de retirer votre commande en personne apr\u00e8s un accord pr\u00e9alable avec le vendeur.<br\/>Le retrait sur place est possible uniquement apr\u00e8s avoir convenu de la date et de l\u2019heure. Pour organiser le retrait, veuillez nous contacter \u00e0 l\u2019adresse suivante :<strong> info@s-lion.eu.<\/strong>  <\/p><p>Le retrait sur place se fait \u00e0 l\u2019adresse suivante :<br\/><strong>55-080 Smolec, Pologne.<\/strong><\/p><p><strong>5. Frais de livraison<\/strong><br\/>Les frais de livraison sont calcul\u00e9s au moment de la commande et ajout\u00e9s au montant total \u00e0 payer pour le produit.<\/p><p><strong>6. Retours et annulations de commandes<\/strong><br\/>Tous les d\u00e9tails concernant les retours et les annulations, y compris les frais de livraison, sont d\u00e9crits dans les <strong>Conditions G\u00e9n\u00e9rales de Vente de la boutique en ligne S-Lion SARL <\/strong>.<\/p><p><strong>7. Disponibilit\u00e9 de la politique de livraison<\/strong><br\/>La politique de livraison est disponible en bas du site internet ainsi que via un<strong> lien<\/strong> dans chaque annonce produit.<\/p>","protected":false},"excerpt":{"rendered":"<p>1. D\u00e9lai de traitement des commandesLes commandes sont trait\u00e9es dans un d\u00e9lai de 5 jours ouvr\u00e9s \u00e0 compter de la r\u00e9ception du paiement.Exception : Pour certains pays (en raison de la grande taille du produit ou de la complexit\u00e9 de la commande), l\u2019exp\u00e9dition peut prendre jusqu\u2019\u00e0 6 jours ouvr\u00e9s. 2. M\u00e9thodes de livraisonLes envois sont [&hellip;]<\/p>\n","protected":false},"author":1,"featured_media":0,"parent":0,"menu_order":0,"comment_status":"closed","ping_status":"closed","template":"","meta":{"footnotes":""},"class_list":["post-6617","page","type-page","status-publish","hentry"],"blocksy_meta":[],"aioseo_notices":[],"_links":{"self":[{"href":"https:\/\/s-lion.eu\/fr\/wp-json\/wp\/v2\/pages\/6617","targetHints":{"allow":["GET"]}}],"collection":[{"href":"https:\/\/s-lion.eu\/fr\/wp-json\/wp\/v2\/pages"}],"about":[{"href":"https:\/\/s-lion.eu\/fr\/wp-json\/wp\/v2\/types\/page"}],"author":[{"embeddable":true,"href":"https:\/\/s-lion.eu\/fr\/wp-json\/wp\/v2\/users\/1"}],"replies":[{"embeddable":true,"href":"https:\/\/s-lion.eu\/fr\/wp-json\/wp\/v2\/comments?post=6617"}],"version-history":[{"count":5,"href":"https:\/\/s-lion.eu\/fr\/wp-json\/wp\/v2\/pages\/6617\/revisions"}],"predecessor-version":[{"id":8053,"href":"https:\/\/s-lion.eu\/fr\/wp-json\/wp\/v2\/pages\/6617\/revisions\/8053"}],"wp:attachment":[{"href":"https:\/\/s-lion.eu\/fr\/wp-json\/wp\/v2\/media?parent=6617"}],"curies":[{"name":"wp","href":"https:\/\/api.w.org\/{rel}","templated":true}]}}