{"id":4074,"date":"2023-12-10T16:41:49","date_gmt":"2023-12-10T15:41:49","guid":{"rendered":"https:\/\/oktime.eu\/a-propos-de-lentreprise\/"},"modified":"2025-03-03T18:10:26","modified_gmt":"2025-03-03T17:10:26","slug":"a-propos-de-lentreprise","status":"publish","type":"page","link":"https:\/\/s-lion.eu\/fr\/a-propos-de-lentreprise\/","title":{"rendered":"\u00c0 propos de l\u2019entreprise"},"content":{"rendered":"<p><strong>S-Lion\nSARL <\/strong> &#8211; Fabricant de trappes de sol de haute qualit\u00e9<\/p><p>S-Lion SARL est une entreprise polonaise sp\u00e9cialis\u00e9e dans la fabrication de trappes de sol en acier et en aluminium de haute qualit\u00e9. Nos produits sont disponibles dans des dimensions standard ou sur mesure, ce qui nous permet de r\u00e9pondre aux attentes de nos clients en Pologne et dans les pays de l&rsquo;Union europ\u00e9enne. <\/p><p>Nos nombreuses ann\u00e9es d&rsquo;exp\u00e9rience dans l&rsquo;industrie se traduisent par un d\u00e9veloppement et une am\u00e9lioration continus des produits que nous proposons. Nous avons lanc\u00e9 un nouveau mod\u00e8le de regard <strong>Thermo MAX 4<\/strong> avec un scellement sur quatre c\u00f4t\u00e9s, qui offre une isolation thermique et une \u00e9tanch\u00e9it\u00e9 encore meilleures. <\/p><p>Nous travaillons et \u00e9voluons pour vous\u202f! N\u2019h\u00e9sitez pas \u00e0 nous contacter \u00e0 tout moment. <\/p><p>Vous trouverez des informations d\u00e9taill\u00e9es sur les contacts dans la rubrique <a href=\"http:\/\/s-lion.eu\/contact\" title=\"\">Contact<\/a><\/p><h3 class=\"wp-block-heading\">Nos atouts<\/h3><p>Pourquoi choisir les trappes de sol S-Lion ?<\/p><blockquote class=\"wp-block-quote is-layout-flow wp-block-quote-is-layout-flow\"><h4 class=\"wp-block-heading\">Trous d&rsquo;homme de qualit\u00e9 sup\u00e9rieure<\/h4><\/blockquote><p>Nos trappes de sol sont fabriqu\u00e9es en acier et en aluminium de la plus haute qualit\u00e9, garantissant une durabilit\u00e9 exceptionnelle et une grande r\u00e9sistance aux dommages. Gr\u00e2ce \u00e0 l&rsquo;utilisation de technologies de production modernes, nos produits fonctionnent bien dans diverses conditions d&rsquo;exploitation, ce qui garantit leur fiabilit\u00e9 et leur long\u00e9vit\u00e9. <\/p><blockquote class=\"wp-block-quote is-layout-flow wp-block-quote-is-layout-flow\"><h4 class=\"wp-block-heading\">Des prix comp\u00e9titifs directement du fabricant<\/h4><\/blockquote><p><strong>En tant que fabricant direct<\/strong>, nous proposons des prix attractifs, comparables \u00e0 ceux d&rsquo;autres fournisseurs sur le march\u00e9 europ\u00e9en. Cela signifie que nous pouvons vous offrir le meilleur prix sans faire de compromis sur la qualit\u00e9. <\/p><blockquote class=\"wp-block-quote is-layout-flow wp-block-quote-is-layout-flow\"><h4 class=\"wp-block-heading\">Large choix et possibilit\u00e9s de personnalisation<\/h4><\/blockquote><p>Nous comprenons que chaque projet a des exigences particuli\u00e8res. C&rsquo;est pourquoi nous proposons des trous d&rsquo;homme dans une vari\u00e9t\u00e9 de tailles et de configurations, en les adaptant aux besoins sp\u00e9cifiques de nos clients. <\/p><blockquote class=\"wp-block-quote is-layout-flow wp-block-quote-is-layout-flow\"><h4 class=\"wp-block-heading\">Livraison dans toute l&rsquo;Europe<\/h4><\/blockquote><p>Notre usine est situ\u00e9e en Pologne, mais nous servons des clients dans toute l&rsquo;Europe. Une livraison rapide, efficace et s\u00fbre est notre priorit\u00e9, afin que nos produits vous parviennent intacts et dans les d\u00e9lais. <\/p><p><\/p><hr class=\"wp-block-separator has-alpha-channel-opacity\"\/><p><\/p>","protected":false},"excerpt":{"rendered":"<p>S-Lion SARL &#8211; Fabricant de trappes de sol de haute qualit\u00e9 S-Lion SARL est une entreprise polonaise sp\u00e9cialis\u00e9e dans la fabrication de trappes de sol en acier et en aluminium de haute qualit\u00e9. Nos produits sont disponibles dans des dimensions standard ou sur mesure, ce qui nous permet de r\u00e9pondre aux attentes de nos clients [&hellip;]<\/p>\n","protected":false},"author":2,"featured_media":0,"parent":0,"menu_order":0,"comment_status":"closed","ping_status":"closed","template":"","meta":{"footnotes":""},"class_list":["post-4074","page","type-page","status-publish","hentry"],"blocksy_meta":[],"aioseo_notices":[],"_links":{"self":[{"href":"https:\/\/s-lion.eu\/fr\/wp-json\/wp\/v2\/pages\/4074","targetHints":{"allow":["GET"]}}],"collection":[{"href":"https:\/\/s-lion.eu\/fr\/wp-json\/wp\/v2\/pages"}],"about":[{"href":"https:\/\/s-lion.eu\/fr\/wp-json\/wp\/v2\/types\/page"}],"author":[{"embeddable":true,"href":"https:\/\/s-lion.eu\/fr\/wp-json\/wp\/v2\/users\/2"}],"replies":[{"embeddable":true,"href":"https:\/\/s-lion.eu\/fr\/wp-json\/wp\/v2\/comments?post=4074"}],"version-history":[{"count":6,"href":"https:\/\/s-lion.eu\/fr\/wp-json\/wp\/v2\/pages\/4074\/revisions"}],"predecessor-version":[{"id":7625,"href":"https:\/\/s-lion.eu\/fr\/wp-json\/wp\/v2\/pages\/4074\/revisions\/7625"}],"wp:attachment":[{"href":"https:\/\/s-lion.eu\/fr\/wp-json\/wp\/v2\/media?parent=4074"}],"curies":[{"name":"wp","href":"https:\/\/api.w.org\/{rel}","templated":true}]}}