{"id":7982,"date":"2025-10-29T13:28:25","date_gmt":"2025-10-29T12:28:25","guid":{"rendered":"https:\/\/s-lion.eu\/?post_type=product&#038;p=7982"},"modified":"2025-10-29T14:16:13","modified_gmt":"2025-10-29T13:16:13","slug":"wlaz-do-piwnicy-rewizyjny-podlogowy-thermo-max-4-60x60-cm-600x600-mm-hermetyczny","status":"publish","type":"product","link":"https:\/\/s-lion.eu\/de\/product\/wlaz-do-piwnicy-rewizyjny-podlogowy-thermo-max-4-60x60-cm-600x600-mm-hermetyczny\/","title":{"rendered":"W\u0142az do piwnicy, rewizyjny, pod\u0142ogowy Thermo MAX 4 60&#215;60 cm (600&#215;600 mm) HERMETYCZNY"},"content":{"rendered":"<p class=\"p2\"><b>W\u0142az do piwnicy, rewizyjny, pod\u0142ogowy Thermo MAX 4 60 x 60 cm<\/b><\/p>\n<p class=\"p2\"><b>MO\u017bLIWO\u015a\u0106 WYKONANIA W\u0141AZU W DOWOLNYM ROZMIARZE!<\/b><\/p>\n<p><b>Nowy model: <\/b><b>USZCZELNIENIE ZE WSZYSTKICH STRON!<\/b><br \/>\n<b>\u2705 Rozmiar instalacji:<\/b> 60 x 60 cm<br \/>\n<b>\u2705 Rozmiar ca\u0142kowity<\/b>: 68 x 68 cm<br \/>\n<b>\u2705 \u015awiat\u0142o otworu:<\/b> 52 x 58 cm<br \/>\n<b>\u2705 Wysoko\u015b\u0107 konstrukcji:<\/b>\u00a010 cm<\/p>\n<h3><strong>Najwa\u017cniejsze cechy:<\/strong><\/h3>\n<ol>\n<li>Solidna konstrukcja.<\/li>\n<li>Uszczelnienie CZTEROSTRONNE!<\/li>\n<li>Si\u0142owniki gazowe wspomagaj\u0105ce otwieranie.<\/li>\n<li>Wysoka jako\u015b\u0107 spaw\u00f3w.<\/li>\n<li>Pow\u0142oka antykorozyjna.<\/li>\n<\/ol>\n<p><strong>Gwarancja<\/strong>: 2 lata<br \/>\n<strong>Czas realizacji zam\u00f3wienia<\/strong>: 4-5 dni<\/p>\n<h3><strong>Opis produktu:<\/strong><\/h3>\n<p>W\u0142azy pod\u0142ogowe wykonane w technologii nowoczesnej produkcji charakteryzuj\u0105 si\u0119 wyj\u0105tkow\u0105 trwa\u0142o\u015bci\u0105 i odporno\u015bci\u0105 na korozj\u0119. Gwarantuje to nie tylko bezpiecze\u0144stwo organizacji przestrzeni, ale r\u00f3wnie\u017c niezawodno\u015b\u0107 podczas u\u017cytkowania.<\/p>\n<p>W\u0142azy pod\u0142ogowe umo\u017cliwiaj\u0105 wygodny dost\u0119p do pomieszcze\u0144 podziemnych, piwnic, rur wodoci\u0105gowych, linii energetycznych i innych instalacji.<\/p>\n<p>Czterostronne uszczelnienie zapewnia hermetyczne uszczelnienie i chroni pomieszczenie przed zimnym powietrzem i zapachami z podziemnego pomieszczenia lub piwnicy.<\/p>\n<p>W\u0142az do piwnicy nale\u017cy zamontowa\u0107 przed wykonaniem ostatecznej warstwy wyko\u0144czeniowej pod\u0142ogi. Pokrywa w\u0142azu jest wzmocniona i wyposa\u017cona w p\u0142yt\u0119 z w\u0142\u00f3kna gipsowego. Konstrukcja w\u0142azu posiada gumow\u0105 uszczelk\u0119 na ca\u0142ym obwodzie, co zapewnia szczelno\u015b\u0107. Dodatkowo si\u0142owniki gazowe umo\u017cliwiaj\u0105 \u0142atwe otwieranie, niezale\u017cnie od ci\u0119\u017caru pokrywy.<\/p>\n<p>Pokrywa w\u0142azu zosta\u0142a zaprojektowana w spos\u00f3b umo\u017cliwiaj\u0105cy monta\u017c r\u00f3\u017cnego rodzaju materia\u0142\u00f3w wyko\u0144czeniowych: p\u0142ytek, parkietu, laminatu, gresu czy innych materia\u0142\u00f3w.<\/p>\n<p>\u26a0\ufe0f <strong>Uwaga:<\/strong> Ten model jest przeznaczony wy\u0142\u0105cznie do u\u017cytku wewn\u0119trznego.<\/p>\n<h3>R\u00f3\u017cne warianty pokrywy w\u0142azu do piwnicy<\/h3>\n<p>Model <strong>Thermo MAX 4<\/strong> dost\u0119pny jest w kilku wariantach g\u00f3rnej pokrywy:<\/p>\n<ul>\n<li><strong>Standard:<\/strong> p\u0142yta gipsowo-w\u0142\u00f3knowa \u2013 idealna pod p\u0142ytki, parkiet, panele.<\/li>\n<li><strong>Opcjonalnie:<\/strong> p\u0142yta OSB \u2013 odpowiednia pod linoleum lub wyk\u0142adzin\u0119 dywanow\u0105.<\/li>\n<li><strong>Za dop\u0142at\u0105:<\/strong> ryflowana blacha stalowa lub aluminiowa \u2013 pozwala na u\u017cytkowanie bez dodatkowego wyko\u0144czenia.<\/li>\n<\/ul>\n<p>Aby zam\u00f3wi\u0107 wersj\u0119 z p\u0142yt\u0105 OSB lub blach\u0105 ryflowan\u0105, napisz do nas na <a href=\"mailto:info@s-lion.eu\">info@s-lion.eu<\/a>.<\/p>\n<p>W tre\u015bci wiadomo\u015bci podaj np.:<br \/>\n<em>&#8222;Interesuje mnie W\u0142az pod\u0142ogowy Thermo MAX 4 60&#215;60 (*lub inny wymiar) z pokryw\u0105 OSB \/ z pokryw\u0105 metalow\u0105&#8220;<\/em>.<br \/>\nOdezwiemy si\u0119 z indywidualn\u0105 ofert\u0105.<\/p>\n<h3>Inne modele w\u0142az\u00f3w do piwnicy<\/h3>\n<p>Wi\u0119cej modeli oraz wariant\u00f3w w\u0142az\u00f3w pod\u0142ogowych znajdziesz tutaj:<br \/>\n<a href=\"https:\/\/s-lion.eu\/products\/\" target=\"_blank\" rel=\"noopener\">Zobacz wszystkie produkty<\/a>.<\/p>\n<h2>W\u0142az do piwnicy \u2013 nowoczesne rozwi\u0105zanie dla Twojej przestrzeni<\/h2>\n","protected":false},"excerpt":{"rendered":"<p><strong>Mo\u017cliwo\u015b\u0107 wykonania w\u0142azu w dowolnym rozmiarze!<\/strong><\/p>\n<p>W\u0142azy pod\u0142ogowe wykonane w technologii nowoczesnej produkcji charakteryzuj\u0105 si\u0119 wyj\u0105tkow\u0105 trwa\u0142o\u015bci\u0105 i odporno\u015bci\u0105 na korozj\u0119. Gwarantuje to nie tylko bezpiecze\u0144stwo organizacji przestrzeni, ale r\u00f3wnie\u017c niezawodno\u015b\u0107 podczas u\u017cytkowania.<\/p>\n<p>Dowiedz si\u0119 wi\u0119cej o dostawie na naszej stronie &#8211; <a title=\"Polityka dostawy\" href=\"https:\/\/s-lion.eu\/polityka-dostawy\/\">Polityka Dostawy<\/a><\/p>\n","protected":false},"featured_media":7555,"comment_status":"open","ping_status":"closed","template":"","meta":[],"product_brand":[],"product_cat":[373],"product_tag":[],"class_list":{"0":"post-7982","1":"product","2":"type-product","3":"status-publish","4":"has-post-thumbnail","6":"product_cat-wlazy-podlogowe-thermo-max4","8":"first","9":"outofstock","10":"taxable","11":"shipping-taxable","12":"purchasable","13":"product-type-simple"},"aioseo_notices":[],"_links":{"self":[{"href":"https:\/\/s-lion.eu\/de\/wp-json\/wp\/v2\/product\/7982","targetHints":{"allow":["GET"]}}],"collection":[{"href":"https:\/\/s-lion.eu\/de\/wp-json\/wp\/v2\/product"}],"about":[{"href":"https:\/\/s-lion.eu\/de\/wp-json\/wp\/v2\/types\/product"}],"replies":[{"embeddable":true,"href":"https:\/\/s-lion.eu\/de\/wp-json\/wp\/v2\/comments?post=7982"}],"version-history":[{"count":2,"href":"https:\/\/s-lion.eu\/de\/wp-json\/wp\/v2\/product\/7982\/revisions"}],"predecessor-version":[{"id":8008,"href":"https:\/\/s-lion.eu\/de\/wp-json\/wp\/v2\/product\/7982\/revisions\/8008"}],"wp:featuredmedia":[{"embeddable":true,"href":"https:\/\/s-lion.eu\/de\/wp-json\/wp\/v2\/media\/7555"}],"wp:attachment":[{"href":"https:\/\/s-lion.eu\/de\/wp-json\/wp\/v2\/media?parent=7982"}],"wp:term":[{"taxonomy":"product_brand","embeddable":true,"href":"https:\/\/s-lion.eu\/de\/wp-json\/wp\/v2\/product_brand?post=7982"},{"taxonomy":"product_cat","embeddable":true,"href":"https:\/\/s-lion.eu\/de\/wp-json\/wp\/v2\/product_cat?post=7982"},{"taxonomy":"product_tag","embeddable":true,"href":"https:\/\/s-lion.eu\/de\/wp-json\/wp\/v2\/product_tag?post=7982"}],"curies":[{"name":"wp","href":"https:\/\/api.w.org\/{rel}","templated":true}]}}