{"id":4128,"date":"2024-04-18T22:02:38","date_gmt":"2024-04-18T20:02:38","guid":{"rendered":"https:\/\/oktime.eu\/product\/kellerschacht-inspektion-boden-50x50cm\/"},"modified":"2025-03-25T12:11:19","modified_gmt":"2025-03-25T11:11:19","slug":"bodenluke-thermo-max3-50x50cm","status":"publish","type":"product","link":"https:\/\/s-lion.eu\/de\/product\/bodenluke-thermo-max3-50x50cm\/","title":{"rendered":"Bodenluke Thermo MAX 3 50&#215;50 cm (500&#215;500 mm)"},"content":{"rendered":"<p class=\"p2\"><strong>Bodenluke Schachtabdecku<wbr \/>ng Revisionsschac<wbr \/>ht Thermo MAX 3 50 x 50 cm<\/strong><\/p>\n<div><strong>Wir sind ein Hersteller von Luken.\u00a0 \u00a0<\/strong><strong>Wir produzieren Luken auch auf individuelle Bestellung.\u00a0<\/strong><\/div>\n<p>\u2705 Einbauma\u00df: 50 \u00d7 50 cm<\/p>\n<p>\u2705 Gesamtgr\u00f6\u00dfe: 59 x 59 cm<\/p>\n<p>\u2705 Gr\u00f6\u00dfe der \u00d6ffnung: 42 x 48 cm<\/p>\n<p>\u2705 Bauh\u00f6he: 10 cm<\/p>\n<h3><strong>Hauptmerkmale:<\/strong><\/h3>\n<ol>\n<li>Robuste Konstruktion.<\/li>\n<li>Dreiseitige Abdichtung.<\/li>\n<li>Gasdruckfedern f\u00fcr m\u00fcheloses \u00d6ffnen.<\/li>\n<li>Hochwertige Schwei\u00dfverarbeitung.<\/li>\n<li>Beschichtung: Korrosionsschutz.<\/li>\n<\/ol>\n<p><strong>Garantie<\/strong>: 2 Jahre<br \/>\n<strong>Lieferzeit<\/strong>: 2\u20133 Tage<\/p>\n<h3><strong>Produktbeschreibung:<\/strong><\/h3>\n<p>Die innovative Fertigungstechnologie der Bodenluken garantiert eine hohe Langlebigkeit und Korrosionsbest\u00e4ndigkeit. Das sorgt f\u00fcr eine sichere und effiziente Nutzung sowie eine optimale Raumnutzung.<\/p>\n<p>Die Bodenluke erm\u00f6glicht einen einfachen Zugang zu unterirdischen R\u00e4umen, Kellern, Wasserleitungen, Stromleitungen und weiteren Installationen.<\/p>\n<p>Die Luke wird vor der Verlegung des endg\u00fcltigen Bodenbelags installiert. Der Schachtdeckel ist verst\u00e4rkt und mit einer Gipsfaserplatte ausgestattet. Die Abdeckung ist abschlie\u00dfbar und mit einer umlaufenden Gummidichtung versehen, um Dichtigkeit zu gew\u00e4hrleisten. Dank der Gasdruckfedern l\u00e4sst sich die Bodenluke unabh\u00e4ngig vom Gewicht der Abdeckung m\u00fchelos \u00f6ffnen.<\/p>\n<p>Die Bodenluke erm\u00f6glicht die Verwendung aller g\u00e4ngigen Bodenbel\u00e4ge, wie Fliesen, Feinsteinzeug, Parkett, Laminat, Linoleum und weitere.<\/p>\n<p>\u26a0\ufe0f <strong>Dieses Modell ist ausschlie\u00dflich f\u00fcr den Innenbereich geeignet!<\/strong><\/p>\n","protected":false},"excerpt":{"rendered":"<p><strong>Wir produzieren Luken auch auf individuelle Bestellung!<\/strong><\/p>\n<p>Die innovative Fertigungstechnologie der Bodenluken garantiert eine hohe Langlebigkeit und Korrosionsbest\u00e4ndigkeit. Das sorgt f\u00fcr eine sichere und effiziente Nutzung sowie eine optimale Raumnutzung.<\/p>\n<div class=\"group\/conversation-turn relative flex w-full min-w-0 flex-col agent-turn\">\n<div class=\"flex-col gap-1 md:gap-3\">\n<div class=\"flex max-w-full flex-col flex-grow\">\n<div class=\"min-h-8 text-message flex w-full flex-col items-end gap-2 whitespace-normal break-words text-start [.text-message+&amp;]:mt-5\" dir=\"auto\" data-message-author-role=\"assistant\" data-message-id=\"1244ed6e-b125-4460-b8a2-b5fe5b900d07\" data-message-model-slug=\"gpt-4o\">\n<div class=\"flex w-full flex-col gap-1 empty:hidden first:pt-[3px]\">\n<div class=\"markdown prose w-full break-words dark:prose-invert light\">\n<p>Erfahren Sie mehr \u00fcber die Lieferung auf unserer Website \u2013 <a href=\"http:\/\/s-lion.eu\/de\/versandrichtlinie\">Versandrichtlinie<\/a><\/p>\n<\/div>\n<\/div>\n<\/div>\n<\/div>\n<\/div>\n<\/div>\n","protected":false},"featured_media":7066,"comment_status":"open","ping_status":"closed","template":"","meta":[],"product_brand":[],"product_cat":[132],"product_tag":[],"class_list":{"0":"post-4128","1":"product","2":"type-product","3":"status-publish","4":"has-post-thumbnail","6":"product_cat-bodenluken-thermo-max3","7":"product_shipping_class-regular-de","9":"first","10":"instock","11":"taxable","12":"shipping-taxable","13":"purchasable","14":"product-type-simple"},"aioseo_notices":[],"_links":{"self":[{"href":"https:\/\/s-lion.eu\/de\/wp-json\/wp\/v2\/product\/4128","targetHints":{"allow":["GET"]}}],"collection":[{"href":"https:\/\/s-lion.eu\/de\/wp-json\/wp\/v2\/product"}],"about":[{"href":"https:\/\/s-lion.eu\/de\/wp-json\/wp\/v2\/types\/product"}],"replies":[{"embeddable":true,"href":"https:\/\/s-lion.eu\/de\/wp-json\/wp\/v2\/comments?post=4128"}],"version-history":[{"count":2,"href":"https:\/\/s-lion.eu\/de\/wp-json\/wp\/v2\/product\/4128\/revisions"}],"predecessor-version":[{"id":7010,"href":"https:\/\/s-lion.eu\/de\/wp-json\/wp\/v2\/product\/4128\/revisions\/7010"}],"wp:featuredmedia":[{"embeddable":true,"href":"https:\/\/s-lion.eu\/de\/wp-json\/wp\/v2\/media\/7066"}],"wp:attachment":[{"href":"https:\/\/s-lion.eu\/de\/wp-json\/wp\/v2\/media?parent=4128"}],"wp:term":[{"taxonomy":"product_brand","embeddable":true,"href":"https:\/\/s-lion.eu\/de\/wp-json\/wp\/v2\/product_brand?post=4128"},{"taxonomy":"product_cat","embeddable":true,"href":"https:\/\/s-lion.eu\/de\/wp-json\/wp\/v2\/product_cat?post=4128"},{"taxonomy":"product_tag","embeddable":true,"href":"https:\/\/s-lion.eu\/de\/wp-json\/wp\/v2\/product_tag?post=4128"}],"curies":[{"name":"wp","href":"https:\/\/api.w.org\/{rel}","templated":true}]}}