{"id":6621,"date":"2024-12-24T14:58:14","date_gmt":"2024-12-24T13:58:14","guid":{"rendered":"https:\/\/s-lion.eu\/lieferpolitik\/"},"modified":"2026-03-18T14:59:32","modified_gmt":"2026-03-18T13:59:32","slug":"versandrichtlinie","status":"publish","type":"page","link":"https:\/\/s-lion.eu\/de\/versandrichtlinie\/","title":{"rendered":"Versandrichtlinie"},"content":{"rendered":"<p><strong>1. Bearbeitungszeit der Bestellung<\/strong><br\/>Bestellungen werden innerhalb von <strong>5 Werktagen<\/strong> ab dem Zeitpunkt des Zahlungseingangs bearbeitet.<br\/><strong>Ausnahme:<\/strong> F\u00fcr einige L\u00e4nder (aufgrund der gro\u00dfen Gr\u00f6\u00dfe des Produkts oder der Komplexit\u00e4t der Bestellung) kann der Versand bis zu <strong>6 Werktage dauern.<\/strong><\/p><p><strong>2. Liefermethoden<\/strong><br\/>Der Versand erfolgt \u00fcber externe Kurierdienste wie <strong>FedEx, DPD, UPS, DHL, Rohlig SUUS<\/strong> und andere. Die Standardlieferzeit betr\u00e4gt <strong>2 bis 7 Werktage<\/strong>, abh\u00e4ngig vom Zielland (in einigen F\u00e4llen kann die Lieferzeit verl\u00e4ngert werden). <\/p><p>Die Lieferung erfolgt aus <strong>Polen.<\/strong><\/p><p><strong>3. Versandkosten<\/strong><\/p><ol start=\"1\" class=\"wp-block-list\"><li><strong>Tabellarische \u00dcbersicht der Versandkosten<\/strong><br\/>Kunden k\u00f6nnen die Versandkosten in der folgenden Tabelle selbst \u00fcberpr\u00fcfen:<\/li><\/ol><figure class=\"wp-block-table\"><table class=\"has-fixed-layout\"><tbody><tr><td><strong>Lieferl\u00e4nder<\/strong><\/td><td><strong>Versandkosten in EUR<\/strong><\/td><\/tr><tr><td>Belgien, Deutschland, Lettland, Litauen, Niederlande, \u00d6sterreich, Polen, Tschechische Republik<\/td><td>Versandkosten sind im Produktpreis enthalten (der Preis h\u00e4ngt vom Lieferland ab)<\/td><\/tr><tr><td>Frankreich, Bulgarien, D\u00e4nemark, Estland, Kroatien, Luxemburg, Rum\u00e4nien, Slowakei, Slowenien, Ungarn<\/td><td>120,00<\/td><\/tr><tr><td>Finnland, Schweden, Spanien, Italien<\/td><td>200,00<\/td><\/tr><tr><td>Portugal<\/td><td>300,00<\/td><\/tr><\/tbody><\/table><\/figure><p>* Kostenlose Lieferung gilt nur f\u00fcr Bestellungen, die mit der Standardversandmethode versendet werden.<\/p><p>Wenn Ihr Land nicht in der Tabelle aufgef\u00fchrt ist, kontaktieren Sie uns bitte unter<strong> info@s-lion.eu.<\/strong><\/p><ol start=\"2\" class=\"wp-block-list\"><li>Automatische Berechnung der Versandkosten<br\/>Die Versandkosten werden automatisch angezeigt, nachdem die Lieferadresse eingegeben wurde. Um die Versandkosten zu berechnen, folgen Sie diesen Schritten: <\/li><\/ol><ul class=\"wp-block-list\"><li>F\u00fcgen Sie das gew\u00fcnschte Produkt dem Warenkorb hinzu.<\/li>\n\n<li>Gehen Sie zum Warenkorb (Symbol oben rechts).<\/li>\n\n<li>Klicken Sie im Abschnitt \u201eVersand\u201c auf die Option \u201eVersandkosten berechnen\u201c.<\/li>\n\n<li>Geben Sie die Lieferadresse ein.<\/li>\n\n<li>Klicken Sie auf die rote Schaltfl\u00e4che \u201eAktualisieren\u201c.<\/li><\/ul><p><strong>4. Selbstabholung<\/strong><br\/>Es ist m\u00f6glich, die Bestellung nach vorheriger Absprache mit dem Verk\u00e4ufer selbst abzuholen.<br\/>Die Selbstabholung ist nur nach Vereinbarung von Datum und Uhrzeit m\u00f6glich. Bitte kontaktieren Sie uns unter <strong>info@s-lion.eu<\/strong>, um einen Abholtermin zu vereinbaren.  <\/p><p>Die Selbstabholung erfolgt unter folgender Adresse:<br\/><strong>55-080 Smolec, Polen.<\/strong><\/p><p><strong>5. Versandkosten<\/strong><br\/>Die Versandkosten werden bei der Bestellung berechnet und zum Gesamtbetrag der Produktzahlung hinzugef\u00fcgt.<\/p><p>6. R\u00fccksendungen und Stornierungen<br\/>Alle Details zu R\u00fccksendungen und Stornierungen, einschlie\u00dflich der Abdeckung der Versandkosten, sind in den <strong>Allgemeinen Gesch\u00e4ftsbedingungen des Online-Shops S-Lion GmbH. <\/strong>.<\/p><p><strong>7. Verf\u00fcgbarkeit der Versandrichtlinie<\/strong><br\/>Die Versandrichtlinie ist unten auf der Website sowie \u00fcber einen<strong> Link<\/strong> in jeder Produktanzeige verf\u00fcgbar.<\/p>","protected":false},"excerpt":{"rendered":"<p>1. Bearbeitungszeit der BestellungBestellungen werden innerhalb von 5 Werktagen ab dem Zeitpunkt des Zahlungseingangs bearbeitet.Ausnahme: F\u00fcr einige L\u00e4nder (aufgrund der gro\u00dfen Gr\u00f6\u00dfe des Produkts oder der Komplexit\u00e4t der Bestellung) kann der Versand bis zu 6 Werktage dauern. 2. LiefermethodenDer Versand erfolgt \u00fcber externe Kurierdienste wie FedEx, DPD, UPS, DHL, Rohlig SUUS und andere. Die Standardlieferzeit [&hellip;]<\/p>\n","protected":false},"author":1,"featured_media":0,"parent":0,"menu_order":0,"comment_status":"closed","ping_status":"closed","template":"","meta":{"footnotes":""},"class_list":["post-6621","page","type-page","status-publish","hentry"],"blocksy_meta":[],"aioseo_notices":[],"_links":{"self":[{"href":"https:\/\/s-lion.eu\/de\/wp-json\/wp\/v2\/pages\/6621","targetHints":{"allow":["GET"]}}],"collection":[{"href":"https:\/\/s-lion.eu\/de\/wp-json\/wp\/v2\/pages"}],"about":[{"href":"https:\/\/s-lion.eu\/de\/wp-json\/wp\/v2\/types\/page"}],"author":[{"embeddable":true,"href":"https:\/\/s-lion.eu\/de\/wp-json\/wp\/v2\/users\/1"}],"replies":[{"embeddable":true,"href":"https:\/\/s-lion.eu\/de\/wp-json\/wp\/v2\/comments?post=6621"}],"version-history":[{"count":5,"href":"https:\/\/s-lion.eu\/de\/wp-json\/wp\/v2\/pages\/6621\/revisions"}],"predecessor-version":[{"id":8052,"href":"https:\/\/s-lion.eu\/de\/wp-json\/wp\/v2\/pages\/6621\/revisions\/8052"}],"wp:attachment":[{"href":"https:\/\/s-lion.eu\/de\/wp-json\/wp\/v2\/media?parent=6621"}],"curies":[{"name":"wp","href":"https:\/\/api.w.org\/{rel}","templated":true}]}}