{"id":6286,"date":"2024-12-19T20:52:10","date_gmt":"2024-12-19T19:52:10","guid":{"rendered":"https:\/\/s-lion.eu\/cookie-richtlinie\/"},"modified":"2024-12-19T20:58:14","modified_gmt":"2024-12-19T19:58:14","slug":"cookie-richtlinie","status":"publish","type":"page","link":"https:\/\/s-lion.eu\/de\/cookie-richtlinie\/","title":{"rendered":"Cookie-Richtlinie"},"content":{"rendered":"<p><strong>\u00a71 Was sind Cookies?<\/strong><\/p><ol start=\"1\" class=\"wp-block-list\"><li>Cookies sind kleine Textdateien, die auf dem Ger\u00e4t des Nutzers gespeichert werden, w\u00e4hrend er eine Website besucht.<\/li>\n\n<li>Cookies erm\u00f6glichen es, das Ger\u00e4t des Nutzers zu erkennen und die Funktionalit\u00e4t der Website an seine Pr\u00e4ferenzen anzupassen.<\/li><\/ol><p><strong>\u00a72 Arten von Cookies, die im Shop verwendet werden<\/strong><\/p><ol start=\"1\" class=\"wp-block-list\"><li>Notwendige Cookies \u2013 erm\u00f6glichen die ordnungsgem\u00e4\u00dfe Funktion der Website, z. B. das Einloggen in ein Konto.<\/li>\n\n<li>Analytische Cookies \u2013 erlauben die Sammlung von Daten \u00fcber die Nutzung der Website (z. B. Google Analytics).<\/li>\n\n<li>Funktionale Cookies \u2013 speichern die Pr\u00e4ferenzen des Nutzers, z. B. die Sprache der Website.<\/li>\n\n<li>Marketing-Cookies \u2013 k\u00f6nnen zur Anpassung von Werbung verwendet werden (falls genutzt).<\/li><\/ol><p><strong>\u00a73 Zwecke der Verwendung von Cookies<\/strong><\/p><ol start=\"1\" class=\"wp-block-list\"><li>Gew\u00e4hrleistung der ordnungsgem\u00e4\u00dfen Funktion der Website.<\/li>\n\n<li>Analyse der Nutzungsstatistiken der Website, um sie zu verbessern.<\/li>\n\n<li>Speicherung der Pr\u00e4ferenzen des Nutzers.<\/li><\/ol><p><strong>\u00a74 Einwilligung in Cookies<\/strong><\/p><ol start=\"1\" class=\"wp-block-list\"><li>Ein Cookie-Banner wird monatlich angezeigt.<\/li>\n\n<li>Nutzer k\u00f6nnen Bestellungen aufgeben, ohne der Verwendung von Cookies zuzustimmen.<\/li><\/ol><p><strong>\u00a75 Nutzung von Cookies<\/strong><\/p><ol start=\"1\" class=\"wp-block-list\"><li>Die Website verwendet Cookies zur Verbesserung der Funktionalit\u00e4t und zur Analyse des Datenverkehrs (Google Analytics).<br>Weitere Informationen zur Datenschutzrichtlinie von Google Analytics finden Sie unter: <a href=\"https:\/\/policies.google.com\/privacy\">https:\/\/policies.google.com\/privacy<\/a>.<\/li>\n\n<li>Nutzer k\u00f6nnen den Dienst ohne Zustimmung zu Cookies nutzen, jedoch k\u00f6nnen einige Funktionen eingeschr\u00e4nkt sein.<\/li><\/ol><p><strong>\u00a76 Verwaltung von Cookies<\/strong><\/p><ol start=\"1\" class=\"wp-block-list\"><li>Nutzer k\u00f6nnen ihre Browsereinstellungen jederzeit \u00e4ndern, um Cookies zu blockieren oder bereits gespeicherte Dateien zu l\u00f6schen.<\/li>\n\n<li>Einschr\u00e4nkungen bei der Verwendung von Cookies k\u00f6nnen die Funktionalit\u00e4t des Shops beeintr\u00e4chtigen.<\/li><\/ol><p><strong>\u00a77 Schlussbestimmungen<\/strong><\/p><ol start=\"1\" class=\"wp-block-list\"><li>Durch die Nutzung der Website von S-Lion stimmt der Nutzer der Verwendung von Cookies gem\u00e4\u00df dieser Richtlinie zu.<\/li>\n\n<li>Die Cookie-Richtlinie kann jederzeit ge\u00e4ndert werden. Die aktuelle Version des Dokuments ist auf der Website des Shops verf\u00fcgbar.<\/li><\/ol>","protected":false},"excerpt":{"rendered":"<p>\u00a71 Was sind Cookies? \u00a72 Arten von Cookies, die im Shop verwendet werden \u00a73 Zwecke der Verwendung von Cookies \u00a74 Einwilligung in Cookies \u00a75 Nutzung von Cookies \u00a76 Verwaltung von Cookies \u00a77 Schlussbestimmungen<\/p>\n","protected":false},"author":1,"featured_media":0,"parent":0,"menu_order":0,"comment_status":"closed","ping_status":"closed","template":"","meta":{"footnotes":""},"class_list":["post-6286","page","type-page","status-publish","hentry"],"blocksy_meta":[],"aioseo_notices":[],"_links":{"self":[{"href":"https:\/\/s-lion.eu\/de\/wp-json\/wp\/v2\/pages\/6286","targetHints":{"allow":["GET"]}}],"collection":[{"href":"https:\/\/s-lion.eu\/de\/wp-json\/wp\/v2\/pages"}],"about":[{"href":"https:\/\/s-lion.eu\/de\/wp-json\/wp\/v2\/types\/page"}],"author":[{"embeddable":true,"href":"https:\/\/s-lion.eu\/de\/wp-json\/wp\/v2\/users\/1"}],"replies":[{"embeddable":true,"href":"https:\/\/s-lion.eu\/de\/wp-json\/wp\/v2\/comments?post=6286"}],"version-history":[{"count":2,"href":"https:\/\/s-lion.eu\/de\/wp-json\/wp\/v2\/pages\/6286\/revisions"}],"predecessor-version":[{"id":6288,"href":"https:\/\/s-lion.eu\/de\/wp-json\/wp\/v2\/pages\/6286\/revisions\/6288"}],"wp:attachment":[{"href":"https:\/\/s-lion.eu\/de\/wp-json\/wp\/v2\/media?parent=6286"}],"curies":[{"name":"wp","href":"https:\/\/api.w.org\/{rel}","templated":true}]}}