{"id":4076,"date":"2023-12-10T16:41:49","date_gmt":"2023-12-10T15:41:49","guid":{"rendered":"https:\/\/oktime.eu\/ueber-das-unternehmen\/"},"modified":"2025-03-03T18:02:39","modified_gmt":"2025-03-03T17:02:39","slug":"ueber-das-unternehmen","status":"publish","type":"page","link":"https:\/\/s-lion.eu\/de\/ueber-das-unternehmen\/","title":{"rendered":"\u00dcber das Unternehmen"},"content":{"rendered":"<p><strong>S-Lion\nGmbH. <\/strong> &#8211; Hersteller von hochwertigen Bodenluken<\/p><p>S-Lion GmbH ist ein polnisches Unternehmen, das sich auf die Herstellung von hochwertigen Bodenluken aus Stahl und Aluminium spezialisiert hat. Unsere Produkte sind sowohl in Standardgr\u00f6\u00dfen als auch in Sonderanfertigungen erh\u00e4ltlich, so dass wir die Erwartungen unserer Kunden in Polen und in den L\u00e4ndern der Europ\u00e4ischen Union erf\u00fcllen k\u00f6nnen. <\/p><p>Unsere langj\u00e4hrige Branchenerfahrung erm\u00f6glicht es uns, unsere Produkte kontinuierlich weiterzuentwickeln und zu verbessern. Wir haben ein neues Modell der <strong>Thermo MAX 4<\/strong>-Bodenluke mit vierseitiger Dichtung auf den Markt gebracht, das eine noch bessere W\u00e4rmed\u00e4mmung und Dichtheit bietet. <\/p><p>Wir arbeiten kontinuierlich an unserer Weiterentwicklung \u2013 f\u00fcr Sie! <\/p><p>Detaillierte Kontaktinformationen finden Sie unter <a href=\"http:\/\/s-lion.eu\/contact\" title=\"\">Kontakt<\/a><\/p><h3 class=\"wp-block-heading\">Unsere St\u00e4rken<\/h3><p>Warum S-Lion Bodensch\u00e4chte w\u00e4hlen?<\/p><blockquote class=\"wp-block-quote is-layout-flow wp-block-quote-is-layout-flow\"><h4 class=\"wp-block-heading\">Schachtabdeckungen von h\u00f6chster Qualit\u00e4t<\/h4><\/blockquote><p>Unsere Sch\u00e4chte werden aus Stahl und Aluminium h\u00f6chster Qualit\u00e4t hergestellt, was ihre au\u00dfergew\u00f6hnliche Haltbarkeit und Widerstandsf\u00e4higkeit gegen Besch\u00e4digungen garantiert. Dank des Einsatzes moderner Produktionstechnologien k\u00f6nnen unsere Produkte unter verschiedenen Betriebsbedingungen eingesetzt werden und gew\u00e4hrleisten Zuverl\u00e4ssigkeit und Langlebigkeit. <\/p><blockquote class=\"wp-block-quote is-layout-flow wp-block-quote-is-layout-flow\"><h4 class=\"wp-block-heading\">Wettbewerbsf\u00e4hige Preise direkt vom Hersteller<\/h4><\/blockquote><p><strong>Als Direkthersteller<\/strong> bieten wir attraktive Preise, die mit denen anderer Anbieter auf dem europ\u00e4ischen Markt vergleichbar sind. Das bedeutet, dass wir Ihnen den besten Preis bieten k\u00f6nnen, ohne Kompromisse bei der Qualit\u00e4t einzugehen. <\/p><blockquote class=\"wp-block-quote is-layout-flow wp-block-quote-is-layout-flow\"><h4 class=\"wp-block-heading\">Gro\u00dfe Auswahl und individuelle Anpassungsm\u00f6glichkeiten<\/h4><\/blockquote><p>Wir wissen, dass jedes Projekt individuelle Anforderungen hat. Deshalb bieten wir Sch\u00e4chte in einer Vielzahl von Gr\u00f6\u00dfen und Konfigurationen an, die auf die spezifischen Bed\u00fcrfnisse unserer Kunden zugeschnitten sind. <\/p><blockquote class=\"wp-block-quote is-layout-flow wp-block-quote-is-layout-flow\"><h4 class=\"wp-block-heading\">Lieferung in ganz Europa<\/h4><\/blockquote><p>Unsere Produktionsst\u00e4tte befindet sich in Polen, aber wir beliefern Kunden in ganz Europa. Schnelle, effiziente und sichere Lieferung ist unsere Priorit\u00e4t, damit unsere Produkte Sie p\u00fcnktlich und unversehrt erreichen. <\/p><p><\/p><hr class=\"wp-block-separator has-alpha-channel-opacity\"\/><p><\/p>","protected":false},"excerpt":{"rendered":"<p>S-Lion GmbH. &#8211; Hersteller von hochwertigen Bodenluken S-Lion GmbH ist ein polnisches Unternehmen, das sich auf die Herstellung von hochwertigen Bodenluken aus Stahl und Aluminium spezialisiert hat. Unsere Produkte sind sowohl in Standardgr\u00f6\u00dfen als auch in Sonderanfertigungen erh\u00e4ltlich, so dass wir die Erwartungen unserer Kunden in Polen und in den L\u00e4ndern der Europ\u00e4ischen Union erf\u00fcllen [&hellip;]<\/p>\n","protected":false},"author":2,"featured_media":0,"parent":0,"menu_order":0,"comment_status":"closed","ping_status":"closed","template":"","meta":{"footnotes":""},"class_list":["post-4076","page","type-page","status-publish","hentry"],"blocksy_meta":[],"aioseo_notices":[],"_links":{"self":[{"href":"https:\/\/s-lion.eu\/de\/wp-json\/wp\/v2\/pages\/4076","targetHints":{"allow":["GET"]}}],"collection":[{"href":"https:\/\/s-lion.eu\/de\/wp-json\/wp\/v2\/pages"}],"about":[{"href":"https:\/\/s-lion.eu\/de\/wp-json\/wp\/v2\/types\/page"}],"author":[{"embeddable":true,"href":"https:\/\/s-lion.eu\/de\/wp-json\/wp\/v2\/users\/2"}],"replies":[{"embeddable":true,"href":"https:\/\/s-lion.eu\/de\/wp-json\/wp\/v2\/comments?post=4076"}],"version-history":[{"count":5,"href":"https:\/\/s-lion.eu\/de\/wp-json\/wp\/v2\/pages\/4076\/revisions"}],"predecessor-version":[{"id":7624,"href":"https:\/\/s-lion.eu\/de\/wp-json\/wp\/v2\/pages\/4076\/revisions\/7624"}],"wp:attachment":[{"href":"https:\/\/s-lion.eu\/de\/wp-json\/wp\/v2\/media?parent=4076"}],"curies":[{"name":"wp","href":"https:\/\/api.w.org\/{rel}","templated":true}]}}